{"id":662,"date":"2019-11-05T16:54:17","date_gmt":"2019-11-05T16:54:17","guid":{"rendered":"https:\/\/blablamaterio.com\/?page_id=662"},"modified":"2019-11-28T12:40:44","modified_gmt":"2019-11-28T12:40:44","slug":"a-propos","status":"publish","type":"page","link":"https:\/\/blablamaterio.com\/en_gb\/a-propos","title":{"rendered":"What is mat\u00e9riO?"},"content":{"rendered":"<p class=\"has-drop-cap\">mat\u00e9riO' is a monitoring service on matter innovation, all over the world and for all sectors. Financed only by its members, its database and showrooms around the world are only accessible to its users, generally professionals in fields as varied as architecture, packaging, the automotive sector as cosmetics, luxury, fashion or designers of consumer products. For more details, check out our website, <a href=\"http:\/\/www.materio.com\">www.materio.com<\/a> or send us a message at <a href=\"mailto:hello@materio.com\">hello@materio.com<\/a>.<\/p>","protected":false},"excerpt":{"rendered":"<p>mat\u00e9riO&rsquo; est un service de veille sur l&rsquo;innovation mati\u00e8re, partout dans le monde et pour tous secteurs. Financ\u00e9 uniquement par ses adh\u00e9rents, sa base de donn\u00e9es et ses showrooms \u00e0 travers le monde ne sont accessibles qu&rsquo;\u00e0 ses utilisateurs, g\u00e9n\u00e9ralement des professionnels dans des domaines aussi vari\u00e9s que l&rsquo;architecture, le packaging, le secteur automobile comme [&hellip;]<\/p>","protected":false},"author":1,"featured_media":465,"parent":0,"menu_order":0,"comment_status":"closed","ping_status":"closed","template":"","meta":[],"_links":{"self":[{"href":"https:\/\/blablamaterio.com\/en_gb\/wp-json\/wp\/v2\/pages\/662"}],"collection":[{"href":"https:\/\/blablamaterio.com\/en_gb\/wp-json\/wp\/v2\/pages"}],"about":[{"href":"https:\/\/blablamaterio.com\/en_gb\/wp-json\/wp\/v2\/types\/page"}],"author":[{"embeddable":true,"href":"https:\/\/blablamaterio.com\/en_gb\/wp-json\/wp\/v2\/users\/1"}],"replies":[{"embeddable":true,"href":"https:\/\/blablamaterio.com\/en_gb\/wp-json\/wp\/v2\/comments?post=662"}],"version-history":[{"count":3,"href":"https:\/\/blablamaterio.com\/en_gb\/wp-json\/wp\/v2\/pages\/662\/revisions"}],"predecessor-version":[{"id":888,"href":"https:\/\/blablamaterio.com\/en_gb\/wp-json\/wp\/v2\/pages\/662\/revisions\/888"}],"wp:featuredmedia":[{"embeddable":true,"href":"https:\/\/blablamaterio.com\/en_gb\/wp-json\/wp\/v2\/media\/465"}],"wp:attachment":[{"href":"https:\/\/blablamaterio.com\/en_gb\/wp-json\/wp\/v2\/media?parent=662"}],"curies":[{"name":"wp","href":"https:\/\/api.w.org\/{rel}","templated":true}]}}